{"id":2430,"date":"2025-10-17T15:08:29","date_gmt":"2025-10-17T13:08:29","guid":{"rendered":"https:\/\/madonis.pl\/unsere-marken\/"},"modified":"2025-11-20T13:53:37","modified_gmt":"2025-11-20T12:53:37","slug":"unsere-marken","status":"publish","type":"page","link":"https:\/\/madonis.pl\/de\/unsere-marken\/","title":{"rendered":"Unsere Marken"},"content":{"rendered":"","protected":false},"excerpt":{"rendered":"","protected":false},"author":16,"featured_media":0,"parent":0,"menu_order":0,"comment_status":"closed","ping_status":"closed","template":"page-templates\/template-our-brands.php","meta":{"_acf_changed":false,"inline_featured_image":false,"footnotes":""},"class_list":["post-2430","page","type-page","status-publish","hentry"],"acf":[],"yoast_head":"<!-- This site is optimized with the Yoast SEO plugin v26.4 - https:\/\/yoast.com\/wordpress\/plugins\/seo\/ -->\n<title>Unsere Marken - Madonis<\/title>\n<meta name=\"description\" content=\"Entdecken Sie die Marken von Madonis, die auf Qualit\u00e4t, Sicherheit und Nachhaltigkeit ausgerichtet sind. Wir bieten nat\u00fcrliche Kosmetika und umweltfreundliche Haushaltsreiniger, die mit R\u00fccksicht auf Umwelt und Nutzerbed\u00fcrfnisse entwickelt wurden.\" \/>\n<meta name=\"robots\" content=\"index, follow, max-snippet:-1, max-image-preview:large, max-video-preview:-1\" \/>\n<link rel=\"canonical\" href=\"https:\/\/madonis.pl\/de\/unsere-marken\/\" \/>\n<meta property=\"og:locale\" content=\"de_DE\" \/>\n<meta property=\"og:type\" content=\"article\" \/>\n<meta property=\"og:title\" content=\"Unsere Marken - Madonis\" \/>\n<meta property=\"og:description\" content=\"Entdecken Sie die Marken von Madonis, die auf Qualit\u00e4t, Sicherheit und Nachhaltigkeit ausgerichtet sind. Wir bieten nat\u00fcrliche Kosmetika und umweltfreundliche Haushaltsreiniger, die mit R\u00fccksicht auf Umwelt und Nutzerbed\u00fcrfnisse entwickelt wurden.\" \/>\n<meta property=\"og:url\" content=\"https:\/\/madonis.pl\/de\/unsere-marken\/\" \/>\n<meta property=\"og:site_name\" content=\"Madonis\" \/>\n<meta property=\"article:modified_time\" content=\"2025-11-20T12:53:37+00:00\" \/>\n<meta property=\"og:image\" content=\"https:\/\/madonis.pl\/wp-content\/uploads\/2025\/11\/madonis-open-graph1200x675.png\" \/>\n\t<meta property=\"og:image:width\" content=\"1200\" \/>\n\t<meta property=\"og:image:height\" content=\"675\" \/>\n\t<meta property=\"og:image:type\" content=\"image\/png\" \/>\n<meta name=\"twitter:card\" content=\"summary_large_image\" \/>\n<script type=\"application\/ld+json\" class=\"yoast-schema-graph\">{\"@context\":\"https:\/\/schema.org\",\"@graph\":[{\"@type\":\"WebPage\",\"@id\":\"https:\/\/madonis.pl\/de\/unsere-marken\/\",\"url\":\"https:\/\/madonis.pl\/de\/unsere-marken\/\",\"name\":\"Unsere Marken - Madonis\",\"isPartOf\":{\"@id\":\"https:\/\/madonis.pl\/de\/#website\"},\"datePublished\":\"2025-10-17T13:08:29+00:00\",\"dateModified\":\"2025-11-20T12:53:37+00:00\",\"description\":\"Entdecken Sie die Marken von Madonis, die auf Qualit\u00e4t, Sicherheit und Nachhaltigkeit ausgerichtet sind. Wir bieten nat\u00fcrliche Kosmetika und umweltfreundliche Haushaltsreiniger, die mit R\u00fccksicht auf Umwelt und Nutzerbed\u00fcrfnisse entwickelt wurden.\",\"breadcrumb\":{\"@id\":\"https:\/\/madonis.pl\/de\/unsere-marken\/#breadcrumb\"},\"inLanguage\":\"de\",\"potentialAction\":[{\"@type\":\"ReadAction\",\"target\":[\"https:\/\/madonis.pl\/de\/unsere-marken\/\"]}]},{\"@type\":\"BreadcrumbList\",\"@id\":\"https:\/\/madonis.pl\/de\/unsere-marken\/#breadcrumb\",\"itemListElement\":[{\"@type\":\"ListItem\",\"position\":1,\"name\":\"Strona g\u0142\u00f3wna\",\"item\":\"https:\/\/madonis.pl\/de\/\"},{\"@type\":\"ListItem\",\"position\":2,\"name\":\"Unsere Marken\"}]},{\"@type\":\"WebSite\",\"@id\":\"https:\/\/madonis.pl\/de\/#website\",\"url\":\"https:\/\/madonis.pl\/de\/\",\"name\":\"Madonis\",\"description\":\"Dla Ciebie i dla Twojego domu\",\"potentialAction\":[{\"@type\":\"SearchAction\",\"target\":{\"@type\":\"EntryPoint\",\"urlTemplate\":\"https:\/\/madonis.pl\/de\/?s={search_term_string}\"},\"query-input\":{\"@type\":\"PropertyValueSpecification\",\"valueRequired\":true,\"valueName\":\"search_term_string\"}}],\"inLanguage\":\"de\"}]}<\/script>\n<!-- \/ Yoast SEO plugin. -->","yoast_head_json":{"title":"Unsere Marken - Madonis","description":"Entdecken Sie die Marken von Madonis, die auf Qualit\u00e4t, Sicherheit und Nachhaltigkeit ausgerichtet sind. Wir bieten nat\u00fcrliche Kosmetika und umweltfreundliche Haushaltsreiniger, die mit R\u00fccksicht auf Umwelt und Nutzerbed\u00fcrfnisse entwickelt wurden.","robots":{"index":"index","follow":"follow","max-snippet":"max-snippet:-1","max-image-preview":"max-image-preview:large","max-video-preview":"max-video-preview:-1"},"canonical":"https:\/\/madonis.pl\/de\/unsere-marken\/","og_locale":"de_DE","og_type":"article","og_title":"Unsere Marken - Madonis","og_description":"Entdecken Sie die Marken von Madonis, die auf Qualit\u00e4t, Sicherheit und Nachhaltigkeit ausgerichtet sind. Wir bieten nat\u00fcrliche Kosmetika und umweltfreundliche Haushaltsreiniger, die mit R\u00fccksicht auf Umwelt und Nutzerbed\u00fcrfnisse entwickelt wurden.","og_url":"https:\/\/madonis.pl\/de\/unsere-marken\/","og_site_name":"Madonis","article_modified_time":"2025-11-20T12:53:37+00:00","og_image":[{"width":1200,"height":675,"url":"https:\/\/madonis.pl\/wp-content\/uploads\/2025\/11\/madonis-open-graph1200x675.png","type":"image\/png"}],"twitter_card":"summary_large_image","schema":{"@context":"https:\/\/schema.org","@graph":[{"@type":"WebPage","@id":"https:\/\/madonis.pl\/de\/unsere-marken\/","url":"https:\/\/madonis.pl\/de\/unsere-marken\/","name":"Unsere Marken - Madonis","isPartOf":{"@id":"https:\/\/madonis.pl\/de\/#website"},"datePublished":"2025-10-17T13:08:29+00:00","dateModified":"2025-11-20T12:53:37+00:00","description":"Entdecken Sie die Marken von Madonis, die auf Qualit\u00e4t, Sicherheit und Nachhaltigkeit ausgerichtet sind. Wir bieten nat\u00fcrliche Kosmetika und umweltfreundliche Haushaltsreiniger, die mit R\u00fccksicht auf Umwelt und Nutzerbed\u00fcrfnisse entwickelt wurden.","breadcrumb":{"@id":"https:\/\/madonis.pl\/de\/unsere-marken\/#breadcrumb"},"inLanguage":"de","potentialAction":[{"@type":"ReadAction","target":["https:\/\/madonis.pl\/de\/unsere-marken\/"]}]},{"@type":"BreadcrumbList","@id":"https:\/\/madonis.pl\/de\/unsere-marken\/#breadcrumb","itemListElement":[{"@type":"ListItem","position":1,"name":"Strona g\u0142\u00f3wna","item":"https:\/\/madonis.pl\/de\/"},{"@type":"ListItem","position":2,"name":"Unsere Marken"}]},{"@type":"WebSite","@id":"https:\/\/madonis.pl\/de\/#website","url":"https:\/\/madonis.pl\/de\/","name":"Madonis","description":"Dla Ciebie i dla Twojego domu","potentialAction":[{"@type":"SearchAction","target":{"@type":"EntryPoint","urlTemplate":"https:\/\/madonis.pl\/de\/?s={search_term_string}"},"query-input":{"@type":"PropertyValueSpecification","valueRequired":true,"valueName":"search_term_string"}}],"inLanguage":"de"}]}},"_links":{"self":[{"href":"https:\/\/madonis.pl\/de\/wp-json\/wp\/v2\/pages\/2430","targetHints":{"allow":["GET"]}}],"collection":[{"href":"https:\/\/madonis.pl\/de\/wp-json\/wp\/v2\/pages"}],"about":[{"href":"https:\/\/madonis.pl\/de\/wp-json\/wp\/v2\/types\/page"}],"author":[{"embeddable":true,"href":"https:\/\/madonis.pl\/de\/wp-json\/wp\/v2\/users\/16"}],"replies":[{"embeddable":true,"href":"https:\/\/madonis.pl\/de\/wp-json\/wp\/v2\/comments?post=2430"}],"version-history":[{"count":4,"href":"https:\/\/madonis.pl\/de\/wp-json\/wp\/v2\/pages\/2430\/revisions"}],"predecessor-version":[{"id":3132,"href":"https:\/\/madonis.pl\/de\/wp-json\/wp\/v2\/pages\/2430\/revisions\/3132"}],"wp:attachment":[{"href":"https:\/\/madonis.pl\/de\/wp-json\/wp\/v2\/media?parent=2430"}],"curies":[{"name":"wp","href":"https:\/\/api.w.org\/{rel}","templated":true}]}}