{"id":2432,"date":"2024-09-26T17:33:03","date_gmt":"2024-09-26T15:33:03","guid":{"rendered":"https:\/\/madonis.pl\/privatsphaere\/"},"modified":"2025-11-18T10:12:06","modified_gmt":"2025-11-18T09:12:06","slug":"datenschutzerklaerung","status":"publish","type":"page","link":"https:\/\/madonis.pl\/de\/datenschutzerklaerung\/","title":{"rendered":"Datenschutzerkl\u00e4rung"},"content":{"rendered":"<h1 class=\"wp-block-heading\" style=\"text-align: center;\">DATENSCHUTZERKL\u00c4RUNG<\/h1>\n<ol>\n<li><strong>Datenverwalter <\/strong><\/br>Der Verantwortliche f\u00fcr die Verarbeitung personenbezogener Daten ist MADONIS Sp. z o.o., 98-400, Wierusz\u00f3w, ul. Boles\u0142awiecka 15a, mit der Steuernummer NIP: 9970153559, eingetragen im Landesgerichtsregister unter der Nummer KRS: 0000590524, deren Unterlagen vom Amtsgericht f\u00fcr \u0141\u00f3d\u017a-\u015ar\u00f3dmie\u015bcie in \u0141\u00f3d\u017a, XX. Abteilung des Landesgerichtsregisters, aufbewahrt werden.<\/li>\n<p><\/br><\/p>\n<li><strong>Umfang und Quellen personenbezogener Daten <\/strong><\/br>Personenbezogene Daten k\u00f6nnen auf folgende Weise erhoben werden: a) \u00fcber das Bewerbungsformular auf der Seite \u201eKarriere\u201c, wo der Nutzer freiwillig folgende Angaben macht: Vor- und Nachname, E-Mail-Adresse, Telefonnummer, Lebenslauf, Anschreiben, Informationen \u00fcber Berufserfahrung, Ausbildung und andere Daten im Zusammenhang mit dem Bewerbungsverfahren. b) automatisch w\u00e4hrend der Nutzung der Website: IP-Adresse, Verbindungszeit, Browsertyp, Betriebssystem, Referrer \u2013 diese Daten k\u00f6nnen zu Analysezwecken verarbeitet werden.<\/li>\n<p><\/br><\/p>\n<li><strong>Ziele und Rechtsgrundlagen der Verarbeitung <\/strong><\/br>a) Zweck: Durchf\u00fchrung des Einstellungsverfahrens f\u00fcr Madonis Sp. z o.o. Rechtsgrundlage: Art. 6 Abs. 1 Buchstabe a) DSGVO (Einwilligung der betroffenen Person) und Art. 6 Abs. 1 Buchstabe b) \u2013 wenn die Bereitstellung der Daten f\u00fcr die Durchf\u00fchrung vorvertraglicher Ma\u00dfnahmen erforderlich ist. b) Zweck: Pflege und Verwaltung der Website, Sicherstellung ihres Betriebs, Analyse des Datenverkehrs. Rechtsgrundlage: Art. 6 Abs. 1 Buchstabe f) \u2013 berechtigtes Interesse des Verantwortlichen (z. B. Optimierung der Website). c) Zweck: Durchf\u00fchrung von Analyse- und Marketingma\u00dfnahmen (falls zutreffend). Rechtsgrundlage: Art. 6 Abs. 1 Buchstabe a) (Einwilligung) oder Buchstabe f) (Interesse).<\/li>\n<p><\/br><\/p>\n<li><strong>Empf\u00e4nger der Daten \/ \u00dcbermittlung au\u00dferhalb des EWR <\/strong><\/br>Die Daten werden nicht au\u00dferhalb des Europ\u00e4ischen Wirtschaftsraums weitergegeben.<\/li>\n<p><\/br><\/p>\n<li><strong>Aufbewahrungsfrist f\u00fcr Daten <\/strong><\/br>5.1. Die Daten der Bewerber werden bis zu 12 Monate nach Abschluss des Einstellungsverfahrens gespeichert, es sei denn, der Bewerber stimmt einer l\u00e4ngeren Speicherung zu, dann bis zum Widerruf seiner Zustimmung. 5.2. Technische Daten (z. B. analytische Cookies) werden f\u00fcr einen Zeitraum gespeichert, der den geltenden Vertr\u00e4gen oder Gesetzen entspricht.<\/li>\n<p><\/br><\/p>\n<li><strong>Rechte der betroffenen Personen <\/strong><\/br>Jede betroffene Person hat das Recht auf: \u2013 Zugang zu ihren Daten, \u2013 Berichtigung der Daten, \u2013 L\u00f6schung der Daten (\u201eRecht auf Vergessenwerden\u201c), \u2013 Einschr\u00e4nkung der Verarbeitung, \u2013 Daten\u00fcbertragbarkeit, \u2013 Widerspruch gegen die Datenverarbeitung, \u2013 jederzeitige Widerrufung der Einwilligung (sofern diese die Grundlage war) \u2013 dies hat nur Auswirkungen f\u00fcr die Zukunft. Um die oben genannten Rechte auszu\u00fcben, wenden Sie sich bitte an madonis@madonis.pl Die betroffene Person hat auch das Recht, eine Beschwerde bei der Aufsichtsbeh\u00f6rde, d. h. der Datenschutzbeh\u00f6rde, einzureichen.<\/li>\n<p><\/br><\/p>\n<li><strong>Freiwilligkeit der Datenangabe <\/strong><\/br>Die Angabe von Daten im Bewerbungsformular ist freiwillig, jedoch f\u00fcr die Teilnahme am Bewerbungsverfahren erforderlich. Werden keine Daten angegeben, kann dies dazu f\u00fchren, dass die Bewerbung nicht ber\u00fccksichtigt werden kann.<\/li>\n<p><\/br><\/p>\n<li><strong>Automatisierte Entscheidungsfindung \/ Profiling <\/strong><\/br>Der Administrator wendet im Rahmen des Einstellungsverfahrens keine automatisierte Entscheidungsfindung oder Profilerstellung im Sinne von Art. 22 DSGVO an. (Sollte dies dennoch der Fall sein, ist dies anzugeben.)<\/li>\n<p><\/br><\/p>\n<li><strong>Sicherheitsma\u00dfnahmen <\/strong><\/br>Der Administrator wendet geeignete technische und organisatorische Ma\u00dfnahmen an, um die Sicherheit der Verarbeitung personenbezogener Daten zu gew\u00e4hrleisten \u2013 einschlie\u00dflich Schutz vor unbefugtem Zugriff, Datenverlust und unbefugter \u00c4nderung.<\/li>\n<p><\/br><\/p>\n<li><strong>\u00c4nderungen der Datenschutzerkl\u00e4rung <\/strong><\/br>Der Administrator beh\u00e4lt sich das Recht vor, \u00c4nderungen an dieser Richtlinie vorzunehmen. Die aktuelle Version ist verf\u00fcgbar unter: https:\/\/madonis.pl\/<br \/>\nDatum des Inkrafttretens: 14.10.2025<\/li>\n<\/ol>\n<p>&nbsp;<\/p>\n<p>&nbsp;<\/p>\n<p>&nbsp;<\/p>\n","protected":false},"excerpt":{"rendered":"<p>DATENSCHUTZERKL\u00c4RUNG Datenverwalter Der Verantwortliche f\u00fcr die Verarbeitung personenbezogener Daten ist MADONIS Sp. z o.o., 98-400, Wierusz\u00f3w, ul. Boles\u0142awiecka 15a, mit der Steuernummer NIP: 9970153559, eingetragen im Landesgerichtsregister unter der Nummer KRS: 0000590524, deren Unterlagen vom Amtsgericht f\u00fcr \u0141\u00f3d\u017a-\u015ar\u00f3dmie\u015bcie in \u0141\u00f3d\u017a, XX. Abteilung des Landesgerichtsregisters, aufbewahrt werden. Umfang und Quellen personenbezogener Daten Personenbezogene Daten k\u00f6nnen auf [&hellip;]<\/p>\n","protected":false},"author":1,"featured_media":0,"parent":0,"menu_order":0,"comment_status":"closed","ping_status":"closed","template":"page-templates\/template-content.php","meta":{"_acf_changed":false,"inline_featured_image":false,"footnotes":""},"class_list":["post-2432","page","type-page","status-publish","hentry"],"acf":[],"yoast_head":"<!-- This site is optimized with the Yoast SEO plugin v26.4 - https:\/\/yoast.com\/wordpress\/plugins\/seo\/ -->\n<title>Datenschutzerkl\u00e4rung - Madonis<\/title>\n<meta name=\"robots\" content=\"index, follow, max-snippet:-1, max-image-preview:large, max-video-preview:-1\" \/>\n<link rel=\"canonical\" href=\"https:\/\/madonis.pl\/de\/datenschutzerklaerung\/\" \/>\n<meta property=\"og:locale\" content=\"de_DE\" \/>\n<meta property=\"og:type\" content=\"article\" \/>\n<meta property=\"og:title\" content=\"Datenschutzerkl\u00e4rung - Madonis\" \/>\n<meta property=\"og:description\" content=\"DATENSCHUTZERKL\u00c4RUNG Datenverwalter Der Verantwortliche f\u00fcr die Verarbeitung personenbezogener Daten ist MADONIS Sp. z o.o., 98-400, Wierusz\u00f3w, ul. Boles\u0142awiecka 15a, mit der Steuernummer NIP: 9970153559, eingetragen im Landesgerichtsregister unter der Nummer KRS: 0000590524, deren Unterlagen vom Amtsgericht f\u00fcr \u0141\u00f3d\u017a-\u015ar\u00f3dmie\u015bcie in \u0141\u00f3d\u017a, XX. Abteilung des Landesgerichtsregisters, aufbewahrt werden. Umfang und Quellen personenbezogener Daten Personenbezogene Daten k\u00f6nnen auf [&hellip;]\" \/>\n<meta property=\"og:url\" content=\"https:\/\/madonis.pl\/de\/datenschutzerklaerung\/\" \/>\n<meta property=\"og:site_name\" content=\"Madonis\" \/>\n<meta property=\"article:modified_time\" content=\"2025-11-18T09:12:06+00:00\" \/>\n<meta property=\"og:image\" content=\"https:\/\/madonis.pl\/wp-content\/uploads\/2025\/11\/madonis-open-graph1200x675.png\" \/>\n\t<meta property=\"og:image:width\" content=\"1200\" \/>\n\t<meta property=\"og:image:height\" content=\"675\" \/>\n\t<meta property=\"og:image:type\" content=\"image\/png\" \/>\n<meta name=\"twitter:card\" content=\"summary_large_image\" \/>\n<meta name=\"twitter:label1\" content=\"Gesch\u00e4tzte Lesezeit\" \/>\n\t<meta name=\"twitter:data1\" content=\"3\u00a0Minuten\" \/>\n<script type=\"application\/ld+json\" class=\"yoast-schema-graph\">{\"@context\":\"https:\/\/schema.org\",\"@graph\":[{\"@type\":\"WebPage\",\"@id\":\"https:\/\/madonis.pl\/de\/datenschutzerklaerung\/\",\"url\":\"https:\/\/madonis.pl\/de\/datenschutzerklaerung\/\",\"name\":\"Datenschutzerkl\u00e4rung - Madonis\",\"isPartOf\":{\"@id\":\"https:\/\/madonis.pl\/de\/#website\"},\"datePublished\":\"2024-09-26T15:33:03+00:00\",\"dateModified\":\"2025-11-18T09:12:06+00:00\",\"breadcrumb\":{\"@id\":\"https:\/\/madonis.pl\/de\/datenschutzerklaerung\/#breadcrumb\"},\"inLanguage\":\"de\",\"potentialAction\":[{\"@type\":\"ReadAction\",\"target\":[\"https:\/\/madonis.pl\/de\/datenschutzerklaerung\/\"]}]},{\"@type\":\"BreadcrumbList\",\"@id\":\"https:\/\/madonis.pl\/de\/datenschutzerklaerung\/#breadcrumb\",\"itemListElement\":[{\"@type\":\"ListItem\",\"position\":1,\"name\":\"Strona g\u0142\u00f3wna\",\"item\":\"https:\/\/madonis.pl\/de\/\"},{\"@type\":\"ListItem\",\"position\":2,\"name\":\"Datenschutzerkl\u00e4rung\"}]},{\"@type\":\"WebSite\",\"@id\":\"https:\/\/madonis.pl\/de\/#website\",\"url\":\"https:\/\/madonis.pl\/de\/\",\"name\":\"Madonis\",\"description\":\"Dla Ciebie i dla Twojego domu\",\"potentialAction\":[{\"@type\":\"SearchAction\",\"target\":{\"@type\":\"EntryPoint\",\"urlTemplate\":\"https:\/\/madonis.pl\/de\/?s={search_term_string}\"},\"query-input\":{\"@type\":\"PropertyValueSpecification\",\"valueRequired\":true,\"valueName\":\"search_term_string\"}}],\"inLanguage\":\"de\"}]}<\/script>\n<!-- \/ Yoast SEO plugin. -->","yoast_head_json":{"title":"Datenschutzerkl\u00e4rung - Madonis","robots":{"index":"index","follow":"follow","max-snippet":"max-snippet:-1","max-image-preview":"max-image-preview:large","max-video-preview":"max-video-preview:-1"},"canonical":"https:\/\/madonis.pl\/de\/datenschutzerklaerung\/","og_locale":"de_DE","og_type":"article","og_title":"Datenschutzerkl\u00e4rung - Madonis","og_description":"DATENSCHUTZERKL\u00c4RUNG Datenverwalter Der Verantwortliche f\u00fcr die Verarbeitung personenbezogener Daten ist MADONIS Sp. z o.o., 98-400, Wierusz\u00f3w, ul. Boles\u0142awiecka 15a, mit der Steuernummer NIP: 9970153559, eingetragen im Landesgerichtsregister unter der Nummer KRS: 0000590524, deren Unterlagen vom Amtsgericht f\u00fcr \u0141\u00f3d\u017a-\u015ar\u00f3dmie\u015bcie in \u0141\u00f3d\u017a, XX. Abteilung des Landesgerichtsregisters, aufbewahrt werden. Umfang und Quellen personenbezogener Daten Personenbezogene Daten k\u00f6nnen auf [&hellip;]","og_url":"https:\/\/madonis.pl\/de\/datenschutzerklaerung\/","og_site_name":"Madonis","article_modified_time":"2025-11-18T09:12:06+00:00","og_image":[{"width":1200,"height":675,"url":"https:\/\/madonis.pl\/wp-content\/uploads\/2025\/11\/madonis-open-graph1200x675.png","type":"image\/png"}],"twitter_card":"summary_large_image","twitter_misc":{"Gesch\u00e4tzte Lesezeit":"3\u00a0Minuten"},"schema":{"@context":"https:\/\/schema.org","@graph":[{"@type":"WebPage","@id":"https:\/\/madonis.pl\/de\/datenschutzerklaerung\/","url":"https:\/\/madonis.pl\/de\/datenschutzerklaerung\/","name":"Datenschutzerkl\u00e4rung - Madonis","isPartOf":{"@id":"https:\/\/madonis.pl\/de\/#website"},"datePublished":"2024-09-26T15:33:03+00:00","dateModified":"2025-11-18T09:12:06+00:00","breadcrumb":{"@id":"https:\/\/madonis.pl\/de\/datenschutzerklaerung\/#breadcrumb"},"inLanguage":"de","potentialAction":[{"@type":"ReadAction","target":["https:\/\/madonis.pl\/de\/datenschutzerklaerung\/"]}]},{"@type":"BreadcrumbList","@id":"https:\/\/madonis.pl\/de\/datenschutzerklaerung\/#breadcrumb","itemListElement":[{"@type":"ListItem","position":1,"name":"Strona g\u0142\u00f3wna","item":"https:\/\/madonis.pl\/de\/"},{"@type":"ListItem","position":2,"name":"Datenschutzerkl\u00e4rung"}]},{"@type":"WebSite","@id":"https:\/\/madonis.pl\/de\/#website","url":"https:\/\/madonis.pl\/de\/","name":"Madonis","description":"Dla Ciebie i dla Twojego domu","potentialAction":[{"@type":"SearchAction","target":{"@type":"EntryPoint","urlTemplate":"https:\/\/madonis.pl\/de\/?s={search_term_string}"},"query-input":{"@type":"PropertyValueSpecification","valueRequired":true,"valueName":"search_term_string"}}],"inLanguage":"de"}]}},"_links":{"self":[{"href":"https:\/\/madonis.pl\/de\/wp-json\/wp\/v2\/pages\/2432","targetHints":{"allow":["GET"]}}],"collection":[{"href":"https:\/\/madonis.pl\/de\/wp-json\/wp\/v2\/pages"}],"about":[{"href":"https:\/\/madonis.pl\/de\/wp-json\/wp\/v2\/types\/page"}],"author":[{"embeddable":true,"href":"https:\/\/madonis.pl\/de\/wp-json\/wp\/v2\/users\/1"}],"replies":[{"embeddable":true,"href":"https:\/\/madonis.pl\/de\/wp-json\/wp\/v2\/comments?post=2432"}],"version-history":[{"count":3,"href":"https:\/\/madonis.pl\/de\/wp-json\/wp\/v2\/pages\/2432\/revisions"}],"predecessor-version":[{"id":2995,"href":"https:\/\/madonis.pl\/de\/wp-json\/wp\/v2\/pages\/2432\/revisions\/2995"}],"wp:attachment":[{"href":"https:\/\/madonis.pl\/de\/wp-json\/wp\/v2\/media?parent=2432"}],"curies":[{"name":"wp","href":"https:\/\/api.w.org\/{rel}","templated":true}]}}