{"id":2444,"date":"2025-01-08T12:18:02","date_gmt":"2025-01-08T11:18:02","guid":{"rendered":"https:\/\/madonis.pl\/cookie-richtlinie-eu\/"},"modified":"2025-11-18T09:50:29","modified_gmt":"2025-11-18T08:50:29","slug":"cookie-richtlinie-eu","status":"publish","type":"page","link":"https:\/\/madonis.pl\/de\/cookie-richtlinie-eu\/","title":{"rendered":"Cookie-Richtlinie (EU)"},"content":{"rendered":"\r\n<h1 class=\"wp-block-heading\" style=\"text-align: center;\">Cookie-Richtlinie<\/h1>\r\n<ol>\r\n<li><strong>Definitionen <\/strong>\u201eCookies\u201d \u2013 Textdateien, die beim Besuch der Website https:\/\/madonis.pl auf dem Ger\u00e4t des Benutzers gespeichert werden und Daten enthalten, die das Ger\u00e4t oder den Browser identifizieren. \u201eBenutzer\u201d \u2013 Person, die die Website besucht.<\/li><\/br>\r\n<li><strong>Administrator und Kontakt <\/strong>Der Datenverwalter im Sinne dieser Richtlinie ist: MADONIS Sp. z o.o., 98-400, Wierusz\u00f3w, ul. Boles\u0142awiecka 15a, mit der Steuernummer: 9970153559, eingetragen im Landesgerichtsregister unter der Nummer KRS: 0000590524, deren Unterlagen vom Amtsgericht f\u00fcr \u0141\u00f3d\u017a-\u015ar\u00f3dmie\u015bcie in \u0141\u00f3d\u017a, XX. Abteilung des Landesgerichtsregisters, aufbewahrt werden.<\/li><\/br>\r\n<li><strong>Ziele und Arten der verwendeten Cookies <\/strong>Auf dieser Website werden folgende Arten von Cookies verwendet: a) \u201eNotwendige\u201c Cookies \u2013 erm\u00f6glichen die Nutzung der Website (z. B. Aufrechterhaltung der Sitzung). b) \u201eAnalytische\u201c Cookies \u2013 erm\u00f6glichen die Analyse der Nutzung der Website, einschlie\u00dflich der Anzahl der Besuche und der Herkunft des Datenverkehrs. c) \u201eFunktionale Cookies\u201d \u2013 erm\u00f6glichen das Speichern von Website-Einstellungen und die Personalisierung. d) \u201eMarketing-\/Tracking-Cookies\u201d \u2013 erm\u00f6glichen die Anzeige von Werbeinhalten, die auf die Interessen des Nutzers zugeschnitten sind.<\/li><\/br>\r\n<li><strong>Zustimmung und Verwaltung von Cookies <\/strong>4.1. Nach dem Aufrufen der Website wird dem Nutzer eine Meldung zu Cookies mit Auswahlm\u00f6glichkeiten (\u201eAkzeptieren\u201d, \u201eCookie-Einstellungen\u201d) angezeigt. 4.2. Der Nutzer kann jederzeit seine Browsereinstellungen \u00e4ndern und Cookies l\u00f6schen oder deren Speicherung blockieren. Beispiele f\u00fcr M\u00f6glichkeiten: Google Chrome, Mozilla Firefox, Safari \u2013 Anleitungen finden Sie auf den Websites der Hersteller. 4.3. Das Blockieren oder L\u00f6schen von Cookies kann jedoch die Funktionsweise der Website beeintr\u00e4chtigen (z. B. den Zugriff auf bestimmte Funktionen einschr\u00e4nken).<\/li><\/br>\r\n<li><strong>Lagerungsdauer <\/strong>Cookies k\u00f6nnen auf dem Ger\u00e4t des Benutzers gespeichert werden: a) als Sitzungscookies (bis zum Schlie\u00dfen des Browsers) oder b) als permanente Cookies (maximal 24 Monate, sofern der Benutzer sie nicht vorher l\u00f6scht).<\/li><\/br>\r\n<li><strong>Empf\u00e4nger \/ Verarbeiter <\/strong>Der Administrator kann mit externen Unternehmen (z. B. Anbietern von Webanalysen, Werbung) zusammenarbeiten \u2013 die durch Cookies gesammelten Daten k\u00f6nnen von diesen gem\u00e4\u00df ihrer Datenschutzrichtlinie verwendet werden.<\/li><\/br>\r\n<li><strong>\u00c4nderungen der Richtlinie <\/strong>Der Administrator beh\u00e4lt sich das Recht vor, \u00c4nderungen an der Cookie-Richtlinie vorzunehmen. Die aktuelle Version ist verf\u00fcgbar unter: https:\/\/madonis.pl\/ Datum des Inkrafttretens: 14.11.2025<\/li><\/br>\r\n<\/ol>\r\n<p>&nbsp;<\/p>","protected":false},"excerpt":{"rendered":"<p>Cookie-Richtlinie Definitionen \u201eCookies\u201d \u2013 Textdateien, die beim Besuch der Website https:\/\/madonis.pl auf dem Ger\u00e4t des Benutzers gespeichert werden und Daten enthalten, die das Ger\u00e4t oder den Browser identifizieren. \u201eBenutzer\u201d \u2013 Person, die die Website besucht. Administrator und Kontakt Der Datenverwalter im Sinne dieser Richtlinie ist: MADONIS Sp. z o.o., 98-400, Wierusz\u00f3w, ul. Boles\u0142awiecka 15a, mit [&hellip;]<\/p>\n","protected":false},"author":7,"featured_media":0,"parent":0,"menu_order":0,"comment_status":"closed","ping_status":"closed","template":"page-templates\/template-content.php","meta":{"_acf_changed":false,"inline_featured_image":false,"footnotes":""},"class_list":["post-2444","page","type-page","status-publish","hentry"],"acf":[],"yoast_head":"<!-- This site is optimized with the Yoast SEO plugin v26.4 - https:\/\/yoast.com\/wordpress\/plugins\/seo\/ -->\n<title>Cookie-Richtlinie (EU) - Madonis<\/title>\n<meta name=\"robots\" content=\"index, follow, max-snippet:-1, max-image-preview:large, max-video-preview:-1\" \/>\n<link rel=\"canonical\" href=\"https:\/\/madonis.pl\/de\/cookie-richtlinie-eu\/\" \/>\n<meta property=\"og:locale\" content=\"de_DE\" \/>\n<meta property=\"og:type\" content=\"article\" \/>\n<meta property=\"og:title\" content=\"Cookie-Richtlinie (EU) - Madonis\" \/>\n<meta property=\"og:description\" content=\"Cookie-Richtlinie Definitionen \u201eCookies\u201d \u2013 Textdateien, die beim Besuch der Website https:\/\/madonis.pl auf dem Ger\u00e4t des Benutzers gespeichert werden und Daten enthalten, die das Ger\u00e4t oder den Browser identifizieren. \u201eBenutzer\u201d \u2013 Person, die die Website besucht. Administrator und Kontakt Der Datenverwalter im Sinne dieser Richtlinie ist: MADONIS Sp. z o.o., 98-400, Wierusz\u00f3w, ul. Boles\u0142awiecka 15a, mit [&hellip;]\" \/>\n<meta property=\"og:url\" content=\"https:\/\/madonis.pl\/de\/cookie-richtlinie-eu\/\" \/>\n<meta property=\"og:site_name\" content=\"Madonis\" \/>\n<meta property=\"article:modified_time\" content=\"2025-11-18T08:50:29+00:00\" \/>\n<meta property=\"og:image\" content=\"https:\/\/madonis.pl\/wp-content\/uploads\/2025\/11\/madonis-open-graph1200x675.png\" \/>\n\t<meta property=\"og:image:width\" content=\"1200\" \/>\n\t<meta property=\"og:image:height\" content=\"675\" \/>\n\t<meta property=\"og:image:type\" content=\"image\/png\" \/>\n<meta name=\"twitter:card\" content=\"summary_large_image\" \/>\n<meta name=\"twitter:label1\" content=\"Gesch\u00e4tzte Lesezeit\" \/>\n\t<meta name=\"twitter:data1\" content=\"2\u00a0Minuten\" \/>\n<script type=\"application\/ld+json\" class=\"yoast-schema-graph\">{\"@context\":\"https:\/\/schema.org\",\"@graph\":[{\"@type\":\"WebPage\",\"@id\":\"https:\/\/madonis.pl\/de\/cookie-richtlinie-eu\/\",\"url\":\"https:\/\/madonis.pl\/de\/cookie-richtlinie-eu\/\",\"name\":\"Cookie-Richtlinie (EU) - Madonis\",\"isPartOf\":{\"@id\":\"https:\/\/madonis.pl\/de\/#website\"},\"datePublished\":\"2025-01-08T11:18:02+00:00\",\"dateModified\":\"2025-11-18T08:50:29+00:00\",\"breadcrumb\":{\"@id\":\"https:\/\/madonis.pl\/de\/cookie-richtlinie-eu\/#breadcrumb\"},\"inLanguage\":\"de\",\"potentialAction\":[{\"@type\":\"ReadAction\",\"target\":[\"https:\/\/madonis.pl\/de\/cookie-richtlinie-eu\/\"]}]},{\"@type\":\"BreadcrumbList\",\"@id\":\"https:\/\/madonis.pl\/de\/cookie-richtlinie-eu\/#breadcrumb\",\"itemListElement\":[{\"@type\":\"ListItem\",\"position\":1,\"name\":\"Strona g\u0142\u00f3wna\",\"item\":\"https:\/\/madonis.pl\/de\/\"},{\"@type\":\"ListItem\",\"position\":2,\"name\":\"Cookie-Richtlinie (EU)\"}]},{\"@type\":\"WebSite\",\"@id\":\"https:\/\/madonis.pl\/de\/#website\",\"url\":\"https:\/\/madonis.pl\/de\/\",\"name\":\"Madonis\",\"description\":\"Dla Ciebie i dla Twojego domu\",\"potentialAction\":[{\"@type\":\"SearchAction\",\"target\":{\"@type\":\"EntryPoint\",\"urlTemplate\":\"https:\/\/madonis.pl\/de\/?s={search_term_string}\"},\"query-input\":{\"@type\":\"PropertyValueSpecification\",\"valueRequired\":true,\"valueName\":\"search_term_string\"}}],\"inLanguage\":\"de\"}]}<\/script>\n<!-- \/ Yoast SEO plugin. -->","yoast_head_json":{"title":"Cookie-Richtlinie (EU) - Madonis","robots":{"index":"index","follow":"follow","max-snippet":"max-snippet:-1","max-image-preview":"max-image-preview:large","max-video-preview":"max-video-preview:-1"},"canonical":"https:\/\/madonis.pl\/de\/cookie-richtlinie-eu\/","og_locale":"de_DE","og_type":"article","og_title":"Cookie-Richtlinie (EU) - Madonis","og_description":"Cookie-Richtlinie Definitionen \u201eCookies\u201d \u2013 Textdateien, die beim Besuch der Website https:\/\/madonis.pl auf dem Ger\u00e4t des Benutzers gespeichert werden und Daten enthalten, die das Ger\u00e4t oder den Browser identifizieren. \u201eBenutzer\u201d \u2013 Person, die die Website besucht. Administrator und Kontakt Der Datenverwalter im Sinne dieser Richtlinie ist: MADONIS Sp. z o.o., 98-400, Wierusz\u00f3w, ul. Boles\u0142awiecka 15a, mit [&hellip;]","og_url":"https:\/\/madonis.pl\/de\/cookie-richtlinie-eu\/","og_site_name":"Madonis","article_modified_time":"2025-11-18T08:50:29+00:00","og_image":[{"width":1200,"height":675,"url":"https:\/\/madonis.pl\/wp-content\/uploads\/2025\/11\/madonis-open-graph1200x675.png","type":"image\/png"}],"twitter_card":"summary_large_image","twitter_misc":{"Gesch\u00e4tzte Lesezeit":"2\u00a0Minuten"},"schema":{"@context":"https:\/\/schema.org","@graph":[{"@type":"WebPage","@id":"https:\/\/madonis.pl\/de\/cookie-richtlinie-eu\/","url":"https:\/\/madonis.pl\/de\/cookie-richtlinie-eu\/","name":"Cookie-Richtlinie (EU) - Madonis","isPartOf":{"@id":"https:\/\/madonis.pl\/de\/#website"},"datePublished":"2025-01-08T11:18:02+00:00","dateModified":"2025-11-18T08:50:29+00:00","breadcrumb":{"@id":"https:\/\/madonis.pl\/de\/cookie-richtlinie-eu\/#breadcrumb"},"inLanguage":"de","potentialAction":[{"@type":"ReadAction","target":["https:\/\/madonis.pl\/de\/cookie-richtlinie-eu\/"]}]},{"@type":"BreadcrumbList","@id":"https:\/\/madonis.pl\/de\/cookie-richtlinie-eu\/#breadcrumb","itemListElement":[{"@type":"ListItem","position":1,"name":"Strona g\u0142\u00f3wna","item":"https:\/\/madonis.pl\/de\/"},{"@type":"ListItem","position":2,"name":"Cookie-Richtlinie (EU)"}]},{"@type":"WebSite","@id":"https:\/\/madonis.pl\/de\/#website","url":"https:\/\/madonis.pl\/de\/","name":"Madonis","description":"Dla Ciebie i dla Twojego domu","potentialAction":[{"@type":"SearchAction","target":{"@type":"EntryPoint","urlTemplate":"https:\/\/madonis.pl\/de\/?s={search_term_string}"},"query-input":{"@type":"PropertyValueSpecification","valueRequired":true,"valueName":"search_term_string"}}],"inLanguage":"de"}]}},"_links":{"self":[{"href":"https:\/\/madonis.pl\/de\/wp-json\/wp\/v2\/pages\/2444","targetHints":{"allow":["GET"]}}],"collection":[{"href":"https:\/\/madonis.pl\/de\/wp-json\/wp\/v2\/pages"}],"about":[{"href":"https:\/\/madonis.pl\/de\/wp-json\/wp\/v2\/types\/page"}],"author":[{"embeddable":true,"href":"https:\/\/madonis.pl\/de\/wp-json\/wp\/v2\/users\/7"}],"replies":[{"embeddable":true,"href":"https:\/\/madonis.pl\/de\/wp-json\/wp\/v2\/comments?post=2444"}],"version-history":[{"count":3,"href":"https:\/\/madonis.pl\/de\/wp-json\/wp\/v2\/pages\/2444\/revisions"}],"predecessor-version":[{"id":2992,"href":"https:\/\/madonis.pl\/de\/wp-json\/wp\/v2\/pages\/2444\/revisions\/2992"}],"wp:attachment":[{"href":"https:\/\/madonis.pl\/de\/wp-json\/wp\/v2\/media?parent=2444"}],"curies":[{"name":"wp","href":"https:\/\/api.w.org\/{rel}","templated":true}]}}