{"id":2445,"date":"2025-01-08T12:18:02","date_gmt":"2025-01-08T11:18:02","guid":{"rendered":"https:\/\/madonis.pl\/cookie-policy-eu\/"},"modified":"2025-11-18T09:51:53","modified_gmt":"2025-11-18T08:51:53","slug":"cookie-policy-eu","status":"publish","type":"page","link":"https:\/\/madonis.pl\/en\/cookie-policy-eu\/","title":{"rendered":"Cookie Policy (EU)"},"content":{"rendered":"\r\n<h1 class=\"wp-block-heading\" style=\"text-align: center;\">COOKIES POLICY<\/h1>\r\n<ol>\r\n<li><strong>Definitions <\/strong>\u2018Cookies\u2019 \u2013 text files saved on the User&#8217;s device when visiting the website https:\/\/madonis.pl, containing data identifying the device or browser. \u2018User\u2019 \u2013 a person visiting the website.<\/li><\/br>\r\n<li><strong>Administrator and contact details <\/strong>The data controller within the meaning of this Policy is: MADONIS Sp. z o.o., 98-400, Wierusz\u00f3w, ul. Boles\u0142awiecka 15a, NIP (Tax Identification Number): 9970153559, entered in the National Court Register under KRS number: 0000590524, whose documentation is stored by the District Court for \u0141\u00f3d\u017a-\u015ar\u00f3dmie\u015bcie in \u0141\u00f3d\u017a, XX Division of the National Court Register.<\/li><\/br>\r\n<li><strong>Purposes and types of cookies used <\/strong>The following types of cookies are used on the website: a) \u2018Necessary\u2019 \u2013 enable the use of the website (e.g. maintaining a session). b) \u2018Analytical\u2019 \u2013 allow the analysis of how the website is used, including the number of visits and traffic sources. c) \u2018Functional\u2019 \u2013 enable the website settings to be remembered and personalised. d) \u2018Marketing\/tracking\u2019 \u2013 enable the display of advertising content tailored to the user&#8217;s interests.<\/li><\/br>\r\n<li><strong>Cookie consent and management <\/strong>4.1. Upon entering the website, the User sees a message about cookies with a choice of options (\u2018I accept\u2019, \u2018cookie settings\u2019). 4.2. The User may change their browser settings at any time and delete cookies or block their storage. Examples of options: Google Chrome, Mozilla Firefox, Safari \u2013 instructions available on the manufacturers&#8217; websites. 4.3. However, blocking or deleting cookies may affect the functioning of the website (e.g. restrict access to certain functions).<\/li><\/br>\r\n<li><strong>Storage period <\/strong>Cookies may be stored on the User&#8217;s device: a) session cookies (until the browser is closed) or b) persistent cookies (up to 24 months, unless the User deletes them earlier).<\/li><\/br>\r\n<li><strong>Recipients\/processors <\/strong>The administrator may cooperate with external entities (e.g. providers of web analytics, advertising) \u2013 data collected by cookies may be used by them in accordance with their privacy policy.<\/li><\/br>\r\n<li><strong>Policy Changes <\/strong>The administrator reserves the right to make changes to the Cookie Policy. The current version is available at: https:\/\/madonis.pl\/ Effective date: 14 November 2025<\/li>\r\n<\/ol>\r\n<p>&nbsp;<\/p>\r\n<p>&nbsp;<\/p>","protected":false},"excerpt":{"rendered":"<p>COOKIES POLICY Definitions \u2018Cookies\u2019 \u2013 text files saved on the User&#8217;s device when visiting the website https:\/\/madonis.pl, containing data identifying the device or browser. \u2018User\u2019 \u2013 a person visiting the website. Administrator and contact details The data controller within the meaning of this Policy is: MADONIS Sp. z o.o., 98-400, Wierusz\u00f3w, ul. Boles\u0142awiecka 15a, NIP [&hellip;]<\/p>\n","protected":false},"author":7,"featured_media":0,"parent":0,"menu_order":0,"comment_status":"closed","ping_status":"closed","template":"page-templates\/template-content.php","meta":{"_acf_changed":false,"inline_featured_image":false,"footnotes":""},"class_list":["post-2445","page","type-page","status-publish","hentry"],"acf":[],"yoast_head":"<!-- This site is optimized with the Yoast SEO plugin v26.4 - https:\/\/yoast.com\/wordpress\/plugins\/seo\/ -->\n<title>Cookie Policy (EU) - Madonis<\/title>\n<meta name=\"robots\" content=\"index, follow, max-snippet:-1, max-image-preview:large, max-video-preview:-1\" \/>\n<link rel=\"canonical\" href=\"https:\/\/madonis.pl\/en\/cookie-policy-eu\/\" \/>\n<meta property=\"og:locale\" content=\"en_US\" \/>\n<meta property=\"og:type\" content=\"article\" \/>\n<meta property=\"og:title\" content=\"Cookie Policy (EU) - Madonis\" \/>\n<meta property=\"og:description\" content=\"COOKIES POLICY Definitions \u2018Cookies\u2019 \u2013 text files saved on the User&#8217;s device when visiting the website https:\/\/madonis.pl, containing data identifying the device or browser. \u2018User\u2019 \u2013 a person visiting the website. Administrator and contact details The data controller within the meaning of this Policy is: MADONIS Sp. z o.o., 98-400, Wierusz\u00f3w, ul. Boles\u0142awiecka 15a, NIP [&hellip;]\" \/>\n<meta property=\"og:url\" content=\"https:\/\/madonis.pl\/en\/cookie-policy-eu\/\" \/>\n<meta property=\"og:site_name\" content=\"Madonis\" \/>\n<meta property=\"article:modified_time\" content=\"2025-11-18T08:51:53+00:00\" \/>\n<meta property=\"og:image\" content=\"https:\/\/madonis.pl\/wp-content\/uploads\/2025\/11\/madonis-open-graph1200x675.png\" \/>\n\t<meta property=\"og:image:width\" content=\"1200\" \/>\n\t<meta property=\"og:image:height\" content=\"675\" \/>\n\t<meta property=\"og:image:type\" content=\"image\/png\" \/>\n<meta name=\"twitter:card\" content=\"summary_large_image\" \/>\n<meta name=\"twitter:label1\" content=\"Est. reading time\" \/>\n\t<meta name=\"twitter:data1\" content=\"2 minutes\" \/>\n<script type=\"application\/ld+json\" class=\"yoast-schema-graph\">{\"@context\":\"https:\/\/schema.org\",\"@graph\":[{\"@type\":\"WebPage\",\"@id\":\"https:\/\/madonis.pl\/en\/cookie-policy-eu\/\",\"url\":\"https:\/\/madonis.pl\/en\/cookie-policy-eu\/\",\"name\":\"Cookie Policy (EU) - Madonis\",\"isPartOf\":{\"@id\":\"https:\/\/madonis.pl\/en\/#website\"},\"datePublished\":\"2025-01-08T11:18:02+00:00\",\"dateModified\":\"2025-11-18T08:51:53+00:00\",\"breadcrumb\":{\"@id\":\"https:\/\/madonis.pl\/en\/cookie-policy-eu\/#breadcrumb\"},\"inLanguage\":\"en-US\",\"potentialAction\":[{\"@type\":\"ReadAction\",\"target\":[\"https:\/\/madonis.pl\/en\/cookie-policy-eu\/\"]}]},{\"@type\":\"BreadcrumbList\",\"@id\":\"https:\/\/madonis.pl\/en\/cookie-policy-eu\/#breadcrumb\",\"itemListElement\":[{\"@type\":\"ListItem\",\"position\":1,\"name\":\"Strona g\u0142\u00f3wna\",\"item\":\"https:\/\/madonis.pl\/en\/\"},{\"@type\":\"ListItem\",\"position\":2,\"name\":\"Cookie Policy (EU)\"}]},{\"@type\":\"WebSite\",\"@id\":\"https:\/\/madonis.pl\/en\/#website\",\"url\":\"https:\/\/madonis.pl\/en\/\",\"name\":\"Madonis\",\"description\":\"Dla Ciebie i dla Twojego domu\",\"potentialAction\":[{\"@type\":\"SearchAction\",\"target\":{\"@type\":\"EntryPoint\",\"urlTemplate\":\"https:\/\/madonis.pl\/en\/?s={search_term_string}\"},\"query-input\":{\"@type\":\"PropertyValueSpecification\",\"valueRequired\":true,\"valueName\":\"search_term_string\"}}],\"inLanguage\":\"en-US\"}]}<\/script>\n<!-- \/ Yoast SEO plugin. -->","yoast_head_json":{"title":"Cookie Policy (EU) - Madonis","robots":{"index":"index","follow":"follow","max-snippet":"max-snippet:-1","max-image-preview":"max-image-preview:large","max-video-preview":"max-video-preview:-1"},"canonical":"https:\/\/madonis.pl\/en\/cookie-policy-eu\/","og_locale":"en_US","og_type":"article","og_title":"Cookie Policy (EU) - Madonis","og_description":"COOKIES POLICY Definitions \u2018Cookies\u2019 \u2013 text files saved on the User&#8217;s device when visiting the website https:\/\/madonis.pl, containing data identifying the device or browser. \u2018User\u2019 \u2013 a person visiting the website. Administrator and contact details The data controller within the meaning of this Policy is: MADONIS Sp. z o.o., 98-400, Wierusz\u00f3w, ul. Boles\u0142awiecka 15a, NIP [&hellip;]","og_url":"https:\/\/madonis.pl\/en\/cookie-policy-eu\/","og_site_name":"Madonis","article_modified_time":"2025-11-18T08:51:53+00:00","og_image":[{"width":1200,"height":675,"url":"https:\/\/madonis.pl\/wp-content\/uploads\/2025\/11\/madonis-open-graph1200x675.png","type":"image\/png"}],"twitter_card":"summary_large_image","twitter_misc":{"Est. reading time":"2 minutes"},"schema":{"@context":"https:\/\/schema.org","@graph":[{"@type":"WebPage","@id":"https:\/\/madonis.pl\/en\/cookie-policy-eu\/","url":"https:\/\/madonis.pl\/en\/cookie-policy-eu\/","name":"Cookie Policy (EU) - Madonis","isPartOf":{"@id":"https:\/\/madonis.pl\/en\/#website"},"datePublished":"2025-01-08T11:18:02+00:00","dateModified":"2025-11-18T08:51:53+00:00","breadcrumb":{"@id":"https:\/\/madonis.pl\/en\/cookie-policy-eu\/#breadcrumb"},"inLanguage":"en-US","potentialAction":[{"@type":"ReadAction","target":["https:\/\/madonis.pl\/en\/cookie-policy-eu\/"]}]},{"@type":"BreadcrumbList","@id":"https:\/\/madonis.pl\/en\/cookie-policy-eu\/#breadcrumb","itemListElement":[{"@type":"ListItem","position":1,"name":"Strona g\u0142\u00f3wna","item":"https:\/\/madonis.pl\/en\/"},{"@type":"ListItem","position":2,"name":"Cookie Policy (EU)"}]},{"@type":"WebSite","@id":"https:\/\/madonis.pl\/en\/#website","url":"https:\/\/madonis.pl\/en\/","name":"Madonis","description":"Dla Ciebie i dla Twojego domu","potentialAction":[{"@type":"SearchAction","target":{"@type":"EntryPoint","urlTemplate":"https:\/\/madonis.pl\/en\/?s={search_term_string}"},"query-input":{"@type":"PropertyValueSpecification","valueRequired":true,"valueName":"search_term_string"}}],"inLanguage":"en-US"}]}},"_links":{"self":[{"href":"https:\/\/madonis.pl\/en\/wp-json\/wp\/v2\/pages\/2445","targetHints":{"allow":["GET"]}}],"collection":[{"href":"https:\/\/madonis.pl\/en\/wp-json\/wp\/v2\/pages"}],"about":[{"href":"https:\/\/madonis.pl\/en\/wp-json\/wp\/v2\/types\/page"}],"author":[{"embeddable":true,"href":"https:\/\/madonis.pl\/en\/wp-json\/wp\/v2\/users\/7"}],"replies":[{"embeddable":true,"href":"https:\/\/madonis.pl\/en\/wp-json\/wp\/v2\/comments?post=2445"}],"version-history":[{"count":2,"href":"https:\/\/madonis.pl\/en\/wp-json\/wp\/v2\/pages\/2445\/revisions"}],"predecessor-version":[{"id":2993,"href":"https:\/\/madonis.pl\/en\/wp-json\/wp\/v2\/pages\/2445\/revisions\/2993"}],"wp:attachment":[{"href":"https:\/\/madonis.pl\/en\/wp-json\/wp\/v2\/media?parent=2445"}],"curies":[{"name":"wp","href":"https:\/\/api.w.org\/{rel}","templated":true}]}}