{"id":2423,"date":"2025-10-17T15:08:11","date_gmt":"2025-10-17T13:08:11","guid":{"rendered":"https:\/\/madonis.pl\/centro-de-investigacion-y-desarrollo\/"},"modified":"2025-11-20T14:15:53","modified_gmt":"2025-11-20T13:15:53","slug":"centro-de-investigacion-y-desarrollo","status":"publish","type":"page","link":"https:\/\/madonis.pl\/es\/centro-de-investigacion-y-desarrollo\/","title":{"rendered":"Centro de Investigaci\u00f3n y Desarrollo"},"content":{"rendered":"","protected":false},"excerpt":{"rendered":"","protected":false},"author":16,"featured_media":0,"parent":0,"menu_order":0,"comment_status":"closed","ping_status":"closed","template":"page-templates\/template-research-development.php","meta":{"_acf_changed":false,"inline_featured_image":false,"footnotes":""},"class_list":["post-2423","page","type-page","status-publish","hentry"],"acf":[],"yoast_head":"<!-- This site is optimized with the Yoast SEO plugin v26.4 - https:\/\/yoast.com\/wordpress\/plugins\/seo\/ -->\n<title>Centro de Investigaci\u00f3n y Desarrollo - Madonis<\/title>\n<meta name=\"description\" content=\"El Centro de Investigaci\u00f3n y Desarrollo de Madonis crea f\u00f3rmulas innovadoras para cosm\u00e9ticos y productos de limpieza ecol\u00f3gicos. Combinamos investigaci\u00f3n, pruebas y control de calidad para producir productos seguros y eficaces.\" \/>\n<meta name=\"robots\" content=\"index, follow, max-snippet:-1, max-image-preview:large, max-video-preview:-1\" \/>\n<link rel=\"canonical\" href=\"https:\/\/madonis.pl\/es\/centro-de-investigacion-y-desarrollo\/\" \/>\n<meta property=\"og:locale\" content=\"es_ES\" \/>\n<meta property=\"og:type\" content=\"article\" \/>\n<meta property=\"og:title\" content=\"Centro de Investigaci\u00f3n y Desarrollo - Madonis\" \/>\n<meta property=\"og:description\" content=\"El Centro de Investigaci\u00f3n y Desarrollo de Madonis crea f\u00f3rmulas innovadoras para cosm\u00e9ticos y productos de limpieza ecol\u00f3gicos. Combinamos investigaci\u00f3n, pruebas y control de calidad para producir productos seguros y eficaces.\" \/>\n<meta property=\"og:url\" content=\"https:\/\/madonis.pl\/es\/centro-de-investigacion-y-desarrollo\/\" \/>\n<meta property=\"og:site_name\" content=\"Madonis\" \/>\n<meta property=\"article:modified_time\" content=\"2025-11-20T13:15:53+00:00\" \/>\n<meta property=\"og:image\" content=\"https:\/\/madonis.pl\/wp-content\/uploads\/2025\/11\/madonis-open-graph1200x675.png\" \/>\n\t<meta property=\"og:image:width\" content=\"1200\" \/>\n\t<meta property=\"og:image:height\" content=\"675\" \/>\n\t<meta property=\"og:image:type\" content=\"image\/png\" \/>\n<meta name=\"twitter:card\" content=\"summary_large_image\" \/>\n<script type=\"application\/ld+json\" class=\"yoast-schema-graph\">{\"@context\":\"https:\/\/schema.org\",\"@graph\":[{\"@type\":\"WebPage\",\"@id\":\"https:\/\/madonis.pl\/es\/centro-de-investigacion-y-desarrollo\/\",\"url\":\"https:\/\/madonis.pl\/es\/centro-de-investigacion-y-desarrollo\/\",\"name\":\"Centro de Investigaci\u00f3n y Desarrollo - Madonis\",\"isPartOf\":{\"@id\":\"https:\/\/madonis.pl\/es\/#website\"},\"datePublished\":\"2025-10-17T13:08:11+00:00\",\"dateModified\":\"2025-11-20T13:15:53+00:00\",\"description\":\"El Centro de Investigaci\u00f3n y Desarrollo de Madonis crea f\u00f3rmulas innovadoras para cosm\u00e9ticos y productos de limpieza ecol\u00f3gicos. Combinamos investigaci\u00f3n, pruebas y control de calidad para producir productos seguros y eficaces.\",\"breadcrumb\":{\"@id\":\"https:\/\/madonis.pl\/es\/centro-de-investigacion-y-desarrollo\/#breadcrumb\"},\"inLanguage\":\"es\",\"potentialAction\":[{\"@type\":\"ReadAction\",\"target\":[\"https:\/\/madonis.pl\/es\/centro-de-investigacion-y-desarrollo\/\"]}]},{\"@type\":\"BreadcrumbList\",\"@id\":\"https:\/\/madonis.pl\/es\/centro-de-investigacion-y-desarrollo\/#breadcrumb\",\"itemListElement\":[{\"@type\":\"ListItem\",\"position\":1,\"name\":\"Strona g\u0142\u00f3wna\",\"item\":\"https:\/\/madonis.pl\/es\/\"},{\"@type\":\"ListItem\",\"position\":2,\"name\":\"Centro de Investigaci\u00f3n y Desarrollo\"}]},{\"@type\":\"WebSite\",\"@id\":\"https:\/\/madonis.pl\/es\/#website\",\"url\":\"https:\/\/madonis.pl\/es\/\",\"name\":\"Madonis\",\"description\":\"Dla Ciebie i dla Twojego domu\",\"potentialAction\":[{\"@type\":\"SearchAction\",\"target\":{\"@type\":\"EntryPoint\",\"urlTemplate\":\"https:\/\/madonis.pl\/es\/?s={search_term_string}\"},\"query-input\":{\"@type\":\"PropertyValueSpecification\",\"valueRequired\":true,\"valueName\":\"search_term_string\"}}],\"inLanguage\":\"es\"}]}<\/script>\n<!-- \/ Yoast SEO plugin. -->","yoast_head_json":{"title":"Centro de Investigaci\u00f3n y Desarrollo - Madonis","description":"El Centro de Investigaci\u00f3n y Desarrollo de Madonis crea f\u00f3rmulas innovadoras para cosm\u00e9ticos y productos de limpieza ecol\u00f3gicos. Combinamos investigaci\u00f3n, pruebas y control de calidad para producir productos seguros y eficaces.","robots":{"index":"index","follow":"follow","max-snippet":"max-snippet:-1","max-image-preview":"max-image-preview:large","max-video-preview":"max-video-preview:-1"},"canonical":"https:\/\/madonis.pl\/es\/centro-de-investigacion-y-desarrollo\/","og_locale":"es_ES","og_type":"article","og_title":"Centro de Investigaci\u00f3n y Desarrollo - Madonis","og_description":"El Centro de Investigaci\u00f3n y Desarrollo de Madonis crea f\u00f3rmulas innovadoras para cosm\u00e9ticos y productos de limpieza ecol\u00f3gicos. Combinamos investigaci\u00f3n, pruebas y control de calidad para producir productos seguros y eficaces.","og_url":"https:\/\/madonis.pl\/es\/centro-de-investigacion-y-desarrollo\/","og_site_name":"Madonis","article_modified_time":"2025-11-20T13:15:53+00:00","og_image":[{"width":1200,"height":675,"url":"https:\/\/madonis.pl\/wp-content\/uploads\/2025\/11\/madonis-open-graph1200x675.png","type":"image\/png"}],"twitter_card":"summary_large_image","schema":{"@context":"https:\/\/schema.org","@graph":[{"@type":"WebPage","@id":"https:\/\/madonis.pl\/es\/centro-de-investigacion-y-desarrollo\/","url":"https:\/\/madonis.pl\/es\/centro-de-investigacion-y-desarrollo\/","name":"Centro de Investigaci\u00f3n y Desarrollo - Madonis","isPartOf":{"@id":"https:\/\/madonis.pl\/es\/#website"},"datePublished":"2025-10-17T13:08:11+00:00","dateModified":"2025-11-20T13:15:53+00:00","description":"El Centro de Investigaci\u00f3n y Desarrollo de Madonis crea f\u00f3rmulas innovadoras para cosm\u00e9ticos y productos de limpieza ecol\u00f3gicos. Combinamos investigaci\u00f3n, pruebas y control de calidad para producir productos seguros y eficaces.","breadcrumb":{"@id":"https:\/\/madonis.pl\/es\/centro-de-investigacion-y-desarrollo\/#breadcrumb"},"inLanguage":"es","potentialAction":[{"@type":"ReadAction","target":["https:\/\/madonis.pl\/es\/centro-de-investigacion-y-desarrollo\/"]}]},{"@type":"BreadcrumbList","@id":"https:\/\/madonis.pl\/es\/centro-de-investigacion-y-desarrollo\/#breadcrumb","itemListElement":[{"@type":"ListItem","position":1,"name":"Strona g\u0142\u00f3wna","item":"https:\/\/madonis.pl\/es\/"},{"@type":"ListItem","position":2,"name":"Centro de Investigaci\u00f3n y Desarrollo"}]},{"@type":"WebSite","@id":"https:\/\/madonis.pl\/es\/#website","url":"https:\/\/madonis.pl\/es\/","name":"Madonis","description":"Dla Ciebie i dla Twojego domu","potentialAction":[{"@type":"SearchAction","target":{"@type":"EntryPoint","urlTemplate":"https:\/\/madonis.pl\/es\/?s={search_term_string}"},"query-input":{"@type":"PropertyValueSpecification","valueRequired":true,"valueName":"search_term_string"}}],"inLanguage":"es"}]}},"_links":{"self":[{"href":"https:\/\/madonis.pl\/es\/wp-json\/wp\/v2\/pages\/2423","targetHints":{"allow":["GET"]}}],"collection":[{"href":"https:\/\/madonis.pl\/es\/wp-json\/wp\/v2\/pages"}],"about":[{"href":"https:\/\/madonis.pl\/es\/wp-json\/wp\/v2\/types\/page"}],"author":[{"embeddable":true,"href":"https:\/\/madonis.pl\/es\/wp-json\/wp\/v2\/users\/16"}],"replies":[{"embeddable":true,"href":"https:\/\/madonis.pl\/es\/wp-json\/wp\/v2\/comments?post=2423"}],"version-history":[{"count":1,"href":"https:\/\/madonis.pl\/es\/wp-json\/wp\/v2\/pages\/2423\/revisions"}],"predecessor-version":[{"id":3143,"href":"https:\/\/madonis.pl\/es\/wp-json\/wp\/v2\/pages\/2423\/revisions\/3143"}],"wp:attachment":[{"href":"https:\/\/madonis.pl\/es\/wp-json\/wp\/v2\/media?parent=2423"}],"curies":[{"name":"wp","href":"https:\/\/api.w.org\/{rel}","templated":true}]}}